{"id":64308,"date":"2022-11-11T09:51:04","date_gmt":"2022-11-11T09:51:05","guid":{"rendered":"https:\/\/casaagricola.es\/?post_type=product&#038;p=64308"},"modified":"2026-03-20T10:22:52","modified_gmt":"2026-03-20T10:22:52","slug":"giro","status":"publish","type":"product","link":"https:\/\/casaagricola.es\/en\/vinos\/giro\/","title":{"rendered":"Gir\u00f3 de Abargues 2024"},"content":{"rendered":"<div class=\"wpb-content-wrapper\"><p>[vc_row][vc_column][vc_column_text]The expression of the freshest Mediterranean, where elegance and balance are the vertical axis of this wine.<\/p>\n<p>Beautiful expression of scrubland, wet land, shady hills. A powerful palate that reminds us of iron soils and blood notes; Very noble tannins with balance giving it length and an elegant depth that will allow it to be a long-aging wine.[\/vc_column_text][\/vc_column][\/vc_row][vc_row][vc_column]<style>.ld_section_title_69d532e30d1d3 h4{margin-top:20px !important;;margin-bottom:0px !important;;}.ld_section_title_69d532e30d1d3 h6{margin-bottom:0px !important;;}<\/style><header class=\"fancy-title ld_section_title_69d532e30d1d3\">\n\t<h4>Nutritional QR Code<\/h4>\t\t<\/header>[\/vc_column][\/vc_row][vc_row][vc_column width=&#8221;1\/2&#8243;][vc_single_image image=&#8221;95188&#8243; add_caption=&#8221;yes&#8221; alignment=&#8221;center&#8221; onclick=&#8221;custom_link&#8221; img_link_target=&#8221;_blank&#8221; css=&#8221;.vc_custom_1774001776405{margin-top: -20px !important;}&#8221; link=&#8221;https:\/\/id.aecocescanqr.es\/es\/01\/08437017953036&#8243;][\/vc_column][\/vc_row]<\/p>\n<\/div>","protected":false},"excerpt":{"rendered":"<p><strong>Gir\u00f3 de Abargues. Wonderful Mediterranean wine with a long life ahead.<\/strong><\/p>\n<p>&nbsp;<\/p>\n<p>Gir\u00f3, a unique variety that has united the Marina Alta since the 1500s with Mallorca and Sardinia, where it is also found. Sensitive to Oidium and with a very low production that was losing place to more productive varieties, today it is a small treasure that we must take care of and present as it deserves.<\/p>\n<p>&nbsp;<\/p>\n<p><strong>Variety<\/strong>: Gir\u00f3 100%<\/p>\n","protected":false},"featured_media":66389,"template":"","meta":[],"product_cat":[75,78,78,75],"product_tag":[206,206,81,81,85,85],"yoast_head":"<!-- This site is optimized with the Yoast SEO plugin v20.4 - https:\/\/yoast.com\/wordpress\/plugins\/seo\/ -->\n<title>Gir\u00f3 de Abargues 2024 &ndash; Pepe Mendoza Casa Agr\u00edcola<\/title>\n<meta name=\"description\" content=\"Gir\u00f3 de Abargues - Casa Agr\u00edcola&#039;s most innovative wine coming from the coastal lands of La Marina Alta close to the Mediterranean Sea.\" \/>\n<meta name=\"robots\" content=\"index, follow, max-snippet:-1, max-image-preview:large, max-video-preview:-1\" \/>\n<link rel=\"canonical\" href=\"https:\/\/casaagricola.es\/en\/vinos\/giro\/\" \/>\n<meta property=\"og:locale\" content=\"en_US\" \/>\n<meta property=\"og:type\" content=\"article\" \/>\n<meta property=\"og:title\" content=\"Gir\u00f3 de Abargues 2024 &ndash; Pepe Mendoza Casa Agr\u00edcola\" \/>\n<meta property=\"og:description\" content=\"Gir\u00f3 de Abargues - Casa Agr\u00edcola&#039;s most innovative wine coming from the coastal lands of La Marina Alta close to the Mediterranean Sea.\" \/>\n<meta property=\"og:url\" content=\"https:\/\/casaagricola.es\/en\/vinos\/giro\/\" \/>\n<meta property=\"og:site_name\" content=\"Casa Agr\u00edcola - Vinos Pepe Mendoza\" \/>\n<meta property=\"article:modified_time\" content=\"2026-03-20T10:22:52+00:00\" \/>\n<meta property=\"og:image\" content=\"https:\/\/casaagricola.es\/wp-content\/uploads\/2023\/07\/DSC_0103_edit-scaled.jpg\" \/>\n\t<meta property=\"og:image:width\" content=\"1696\" \/>\n\t<meta property=\"og:image:height\" content=\"2560\" \/>\n\t<meta property=\"og:image:type\" content=\"image\/jpeg\" \/>\n<meta name=\"twitter:card\" content=\"summary_large_image\" \/>\n<meta name=\"twitter:label1\" content=\"Est. reading time\" \/>\n\t<meta name=\"twitter:data1\" content=\"1 minute\" \/>\n<script type=\"application\/ld+json\" class=\"yoast-schema-graph\">{\"@context\":\"https:\/\/schema.org\",\"@graph\":[{\"@type\":\"WebPage\",\"@id\":\"https:\/\/casaagricola.es\/en\/vinos\/giro\/\",\"url\":\"https:\/\/casaagricola.es\/en\/vinos\/giro\/\",\"name\":\"Gir\u00f3 de Abargues 2024 &ndash; Pepe Mendoza Casa Agr\u00edcola\",\"isPartOf\":{\"@id\":\"https:\/\/casaagricola.es\/#website\"},\"datePublished\":\"2022-11-11T09:51:05+00:00\",\"dateModified\":\"2026-03-20T10:22:52+00:00\",\"description\":\"Gir\u00f3 de Abargues - Casa Agr\u00edcola's most innovative wine coming from the coastal lands of La Marina Alta close to the Mediterranean Sea.\",\"breadcrumb\":{\"@id\":\"https:\/\/casaagricola.es\/en\/vinos\/giro\/#breadcrumb\"},\"inLanguage\":\"en-US\",\"potentialAction\":[{\"@type\":\"ReadAction\",\"target\":[\"https:\/\/casaagricola.es\/en\/vinos\/giro\/\"]}]},{\"@type\":\"BreadcrumbList\",\"@id\":\"https:\/\/casaagricola.es\/en\/vinos\/giro\/#breadcrumb\",\"itemListElement\":[{\"@type\":\"ListItem\",\"position\":1,\"name\":\"Portada\",\"item\":\"https:\/\/casaagricola.es\/en\/\"},{\"@type\":\"ListItem\",\"position\":2,\"name\":\"Shop\",\"item\":\"https:\/\/casaagricola.es\/en\/shop-2\/\"},{\"@type\":\"ListItem\",\"position\":3,\"name\":\"Gir\u00f3 de Abargues 2024\"}]},{\"@type\":\"WebSite\",\"@id\":\"https:\/\/casaagricola.es\/#website\",\"url\":\"https:\/\/casaagricola.es\/\",\"name\":\"Casa Agr\u00edcola - Vinos Pepe Mendoza\",\"description\":\"Artisan Wines -  Buy Online Wines by Pepe Mendoza | Alicante Wines\",\"publisher\":{\"@id\":\"https:\/\/casaagricola.es\/#organization\"},\"potentialAction\":[{\"@type\":\"SearchAction\",\"target\":{\"@type\":\"EntryPoint\",\"urlTemplate\":\"https:\/\/casaagricola.es\/?s={search_term_string}\"},\"query-input\":\"required name=search_term_string\"}],\"inLanguage\":\"en-US\"},{\"@type\":\"Organization\",\"@id\":\"https:\/\/casaagricola.es\/#organization\",\"name\":\"La despensa - Casa Agr\u00edcola - Pepe Mendoza\",\"url\":\"https:\/\/casaagricola.es\/\",\"logo\":{\"@type\":\"ImageObject\",\"inLanguage\":\"en-US\",\"@id\":\"https:\/\/casaagricola.es\/#\/schema\/logo\/image\/\",\"url\":\"https:\/\/casaagricola.es\/wp-content\/uploads\/2020\/10\/pepesellosq.png\",\"contentUrl\":\"https:\/\/casaagricola.es\/wp-content\/uploads\/2020\/10\/pepesellosq.png\",\"width\":956,\"height\":898,\"caption\":\"La despensa - Casa Agr\u00edcola - Pepe Mendoza\"},\"image\":{\"@id\":\"https:\/\/casaagricola.es\/#\/schema\/logo\/image\/\"}}]}<\/script>\n<!-- \/ Yoast SEO plugin. -->","yoast_head_json":{"title":"Gir\u00f3 de Abargues 2024 &ndash; Pepe Mendoza Casa Agr\u00edcola","description":"Gir\u00f3 de Abargues - Casa Agr\u00edcola's most innovative wine coming from the coastal lands of La Marina Alta close to the Mediterranean Sea.","robots":{"index":"index","follow":"follow","max-snippet":"max-snippet:-1","max-image-preview":"max-image-preview:large","max-video-preview":"max-video-preview:-1"},"canonical":"https:\/\/casaagricola.es\/en\/vinos\/giro\/","og_locale":"en_US","og_type":"article","og_title":"Gir\u00f3 de Abargues 2024 &ndash; Pepe Mendoza Casa Agr\u00edcola","og_description":"Gir\u00f3 de Abargues - Casa Agr\u00edcola's most innovative wine coming from the coastal lands of La Marina Alta close to the Mediterranean Sea.","og_url":"https:\/\/casaagricola.es\/en\/vinos\/giro\/","og_site_name":"Casa Agr\u00edcola - Vinos Pepe Mendoza","article_modified_time":"2026-03-20T10:22:52+00:00","og_image":[{"width":1696,"height":2560,"url":"https:\/\/casaagricola.es\/wp-content\/uploads\/2023\/07\/DSC_0103_edit-scaled.jpg","type":"image\/jpeg"}],"twitter_card":"summary_large_image","twitter_misc":{"Est. reading time":"1 minute"},"schema":{"@context":"https:\/\/schema.org","@graph":[{"@type":"WebPage","@id":"https:\/\/casaagricola.es\/en\/vinos\/giro\/","url":"https:\/\/casaagricola.es\/en\/vinos\/giro\/","name":"Gir\u00f3 de Abargues 2024 &ndash; Pepe Mendoza Casa Agr\u00edcola","isPartOf":{"@id":"https:\/\/casaagricola.es\/#website"},"datePublished":"2022-11-11T09:51:05+00:00","dateModified":"2026-03-20T10:22:52+00:00","description":"Gir\u00f3 de Abargues - Casa Agr\u00edcola's most innovative wine coming from the coastal lands of La Marina Alta close to the Mediterranean Sea.","breadcrumb":{"@id":"https:\/\/casaagricola.es\/en\/vinos\/giro\/#breadcrumb"},"inLanguage":"en-US","potentialAction":[{"@type":"ReadAction","target":["https:\/\/casaagricola.es\/en\/vinos\/giro\/"]}]},{"@type":"BreadcrumbList","@id":"https:\/\/casaagricola.es\/en\/vinos\/giro\/#breadcrumb","itemListElement":[{"@type":"ListItem","position":1,"name":"Portada","item":"https:\/\/casaagricola.es\/en\/"},{"@type":"ListItem","position":2,"name":"Shop","item":"https:\/\/casaagricola.es\/en\/shop-2\/"},{"@type":"ListItem","position":3,"name":"Gir\u00f3 de Abargues 2024"}]},{"@type":"WebSite","@id":"https:\/\/casaagricola.es\/#website","url":"https:\/\/casaagricola.es\/","name":"Casa Agr\u00edcola - Vinos Pepe Mendoza","description":"Artisan Wines -  Buy Online Wines by Pepe Mendoza | Alicante Wines","publisher":{"@id":"https:\/\/casaagricola.es\/#organization"},"potentialAction":[{"@type":"SearchAction","target":{"@type":"EntryPoint","urlTemplate":"https:\/\/casaagricola.es\/?s={search_term_string}"},"query-input":"required name=search_term_string"}],"inLanguage":"en-US"},{"@type":"Organization","@id":"https:\/\/casaagricola.es\/#organization","name":"La despensa - Casa Agr\u00edcola - Pepe Mendoza","url":"https:\/\/casaagricola.es\/","logo":{"@type":"ImageObject","inLanguage":"en-US","@id":"https:\/\/casaagricola.es\/#\/schema\/logo\/image\/","url":"https:\/\/casaagricola.es\/wp-content\/uploads\/2020\/10\/pepesellosq.png","contentUrl":"https:\/\/casaagricola.es\/wp-content\/uploads\/2020\/10\/pepesellosq.png","width":956,"height":898,"caption":"La despensa - Casa Agr\u00edcola - Pepe Mendoza"},"image":{"@id":"https:\/\/casaagricola.es\/#\/schema\/logo\/image\/"}}]}},"_links":{"self":[{"href":"https:\/\/casaagricola.es\/en\/wp-json\/wp\/v2\/product\/64308"}],"collection":[{"href":"https:\/\/casaagricola.es\/en\/wp-json\/wp\/v2\/product"}],"about":[{"href":"https:\/\/casaagricola.es\/en\/wp-json\/wp\/v2\/types\/product"}],"wp:featuredmedia":[{"embeddable":true,"href":"https:\/\/casaagricola.es\/en\/wp-json\/wp\/v2\/media\/66389"}],"wp:attachment":[{"href":"https:\/\/casaagricola.es\/en\/wp-json\/wp\/v2\/media?parent=64308"}],"wp:term":[{"taxonomy":"product_cat","embeddable":true,"href":"https:\/\/casaagricola.es\/en\/wp-json\/wp\/v2\/product_cat?post=64308"},{"taxonomy":"product_tag","embeddable":true,"href":"https:\/\/casaagricola.es\/en\/wp-json\/wp\/v2\/product_tag?post=64308"}],"curies":[{"name":"wp","href":"https:\/\/api.w.org\/{rel}","templated":true}]}}