{"id":64337,"date":"2022-11-14T20:47:47","date_gmt":"2022-11-14T20:47:47","guid":{"rendered":"https:\/\/casaagricola.es\/?post_type=product&#038;p=64337"},"modified":"2026-01-28T12:10:16","modified_gmt":"2026-01-28T12:10:16","slug":"fierroca","status":"publish","type":"product","link":"https:\/\/casaagricola.es\/en\/vinos\/fierroca\/","title":{"rendered":"Fierroca 2024"},"content":{"rendered":"<p>Within our Abargues estate, we subdivide our plots into a multitude of microvinifications with the interest of learning and seeing how each one behaves. The highest area of the estate is made up of three small elongated terraces that give us wines with fewer anthocyanins but with more character, tannin and strength, which is why we decided to age it separately and see its evolution. The result was so original and special that we decided to bottle it separately.<\/p>\n","protected":false},"excerpt":{"rendered":"<p><strong>Fierroca. Wonderful Mediterranean wine with a long life ahead.<\/strong><\/p>\n<p>&nbsp;<\/p>\n<p>Fierroca is our first Grand Cru, that vineyard, that place with that orientation that makes it unique and unrepeatable. It owes its name to the character of our soils, loaded with Iron and Rock. That&#8217;s where its name comes from: Fierroca.<\/p>\n<p>&nbsp;<\/p>\n<p><strong>Variety<\/strong>: Gir\u00f3 100%<\/p>\n","protected":false},"featured_media":66415,"template":"","meta":[],"product_cat":[75,78,78,75],"product_tag":[206,206,81,81,85,85],"yoast_head":"<!-- This site is optimized with the Yoast SEO plugin v20.4 - https:\/\/yoast.com\/wordpress\/plugins\/seo\/ -->\n<title>Fierroca 2024 &ndash; Pepe Mendoza Casa Agr\u00edcola<\/title>\n<meta name=\"description\" content=\"Gir\u00f3 de Abargues - Casa Agr\u00edcola&#039;s most innovative wine coming from the coastal lands of La Marina Alta close to the Mediterranean Sea.\" \/>\n<meta name=\"robots\" content=\"index, follow, max-snippet:-1, max-image-preview:large, max-video-preview:-1\" \/>\n<link rel=\"canonical\" href=\"https:\/\/casaagricola.es\/en\/vinos\/fierroca\/\" \/>\n<meta property=\"og:locale\" content=\"en_US\" \/>\n<meta property=\"og:type\" content=\"article\" \/>\n<meta property=\"og:title\" content=\"Fierroca 2024 &ndash; Pepe Mendoza Casa Agr\u00edcola\" \/>\n<meta property=\"og:description\" content=\"Gir\u00f3 de Abargues - Casa Agr\u00edcola&#039;s most innovative wine coming from the coastal lands of La Marina Alta close to the Mediterranean Sea.\" \/>\n<meta property=\"og:url\" content=\"https:\/\/casaagricola.es\/en\/vinos\/fierroca\/\" \/>\n<meta property=\"og:site_name\" content=\"Casa Agr\u00edcola - Vinos Pepe Mendoza\" \/>\n<meta property=\"article:modified_time\" content=\"2026-01-28T12:10:16+00:00\" \/>\n<meta property=\"og:image\" content=\"https:\/\/casaagricola.es\/wp-content\/uploads\/2023\/07\/DSC_0190_edit-scaled.jpg\" \/>\n\t<meta property=\"og:image:width\" content=\"1696\" \/>\n\t<meta property=\"og:image:height\" content=\"2560\" \/>\n\t<meta property=\"og:image:type\" content=\"image\/jpeg\" \/>\n<meta name=\"twitter:card\" content=\"summary_large_image\" \/>\n<meta name=\"twitter:label1\" content=\"Est. reading time\" \/>\n\t<meta name=\"twitter:data1\" content=\"1 minute\" \/>\n<script type=\"application\/ld+json\" class=\"yoast-schema-graph\">{\"@context\":\"https:\/\/schema.org\",\"@graph\":[{\"@type\":\"WebPage\",\"@id\":\"https:\/\/casaagricola.es\/en\/vinos\/fierroca\/\",\"url\":\"https:\/\/casaagricola.es\/en\/vinos\/fierroca\/\",\"name\":\"Fierroca 2024 &ndash; Pepe Mendoza Casa Agr\u00edcola\",\"isPartOf\":{\"@id\":\"https:\/\/casaagricola.es\/#website\"},\"datePublished\":\"2022-11-14T20:47:47+00:00\",\"dateModified\":\"2026-01-28T12:10:16+00:00\",\"description\":\"Gir\u00f3 de Abargues - Casa Agr\u00edcola's most innovative wine coming from the coastal lands of La Marina Alta close to the Mediterranean Sea.\",\"breadcrumb\":{\"@id\":\"https:\/\/casaagricola.es\/en\/vinos\/fierroca\/#breadcrumb\"},\"inLanguage\":\"en-US\",\"potentialAction\":[{\"@type\":\"ReadAction\",\"target\":[\"https:\/\/casaagricola.es\/en\/vinos\/fierroca\/\"]}]},{\"@type\":\"BreadcrumbList\",\"@id\":\"https:\/\/casaagricola.es\/en\/vinos\/fierroca\/#breadcrumb\",\"itemListElement\":[{\"@type\":\"ListItem\",\"position\":1,\"name\":\"Portada\",\"item\":\"https:\/\/casaagricola.es\/en\/\"},{\"@type\":\"ListItem\",\"position\":2,\"name\":\"Shop\",\"item\":\"https:\/\/casaagricola.es\/en\/shop-2\/\"},{\"@type\":\"ListItem\",\"position\":3,\"name\":\"Fierroca 2024\"}]},{\"@type\":\"WebSite\",\"@id\":\"https:\/\/casaagricola.es\/#website\",\"url\":\"https:\/\/casaagricola.es\/\",\"name\":\"Casa Agr\u00edcola - Vinos Pepe Mendoza\",\"description\":\"Artisan Wines -  Buy Online Wines by Pepe Mendoza | Alicante Wines\",\"publisher\":{\"@id\":\"https:\/\/casaagricola.es\/#organization\"},\"potentialAction\":[{\"@type\":\"SearchAction\",\"target\":{\"@type\":\"EntryPoint\",\"urlTemplate\":\"https:\/\/casaagricola.es\/?s={search_term_string}\"},\"query-input\":\"required name=search_term_string\"}],\"inLanguage\":\"en-US\"},{\"@type\":\"Organization\",\"@id\":\"https:\/\/casaagricola.es\/#organization\",\"name\":\"La despensa - Casa Agr\u00edcola - Pepe Mendoza\",\"url\":\"https:\/\/casaagricola.es\/\",\"logo\":{\"@type\":\"ImageObject\",\"inLanguage\":\"en-US\",\"@id\":\"https:\/\/casaagricola.es\/#\/schema\/logo\/image\/\",\"url\":\"https:\/\/casaagricola.es\/wp-content\/uploads\/2020\/10\/pepesellosq.png\",\"contentUrl\":\"https:\/\/casaagricola.es\/wp-content\/uploads\/2020\/10\/pepesellosq.png\",\"width\":956,\"height\":898,\"caption\":\"La despensa - Casa Agr\u00edcola - Pepe Mendoza\"},\"image\":{\"@id\":\"https:\/\/casaagricola.es\/#\/schema\/logo\/image\/\"}}]}<\/script>\n<!-- \/ Yoast SEO plugin. -->","yoast_head_json":{"title":"Fierroca 2024 &ndash; Pepe Mendoza Casa Agr\u00edcola","description":"Gir\u00f3 de Abargues - Casa Agr\u00edcola's most innovative wine coming from the coastal lands of La Marina Alta close to the Mediterranean Sea.","robots":{"index":"index","follow":"follow","max-snippet":"max-snippet:-1","max-image-preview":"max-image-preview:large","max-video-preview":"max-video-preview:-1"},"canonical":"https:\/\/casaagricola.es\/en\/vinos\/fierroca\/","og_locale":"en_US","og_type":"article","og_title":"Fierroca 2024 &ndash; Pepe Mendoza Casa Agr\u00edcola","og_description":"Gir\u00f3 de Abargues - Casa Agr\u00edcola's most innovative wine coming from the coastal lands of La Marina Alta close to the Mediterranean Sea.","og_url":"https:\/\/casaagricola.es\/en\/vinos\/fierroca\/","og_site_name":"Casa Agr\u00edcola - Vinos Pepe Mendoza","article_modified_time":"2026-01-28T12:10:16+00:00","og_image":[{"width":1696,"height":2560,"url":"https:\/\/casaagricola.es\/wp-content\/uploads\/2023\/07\/DSC_0190_edit-scaled.jpg","type":"image\/jpeg"}],"twitter_card":"summary_large_image","twitter_misc":{"Est. reading time":"1 minute"},"schema":{"@context":"https:\/\/schema.org","@graph":[{"@type":"WebPage","@id":"https:\/\/casaagricola.es\/en\/vinos\/fierroca\/","url":"https:\/\/casaagricola.es\/en\/vinos\/fierroca\/","name":"Fierroca 2024 &ndash; Pepe Mendoza Casa Agr\u00edcola","isPartOf":{"@id":"https:\/\/casaagricola.es\/#website"},"datePublished":"2022-11-14T20:47:47+00:00","dateModified":"2026-01-28T12:10:16+00:00","description":"Gir\u00f3 de Abargues - Casa Agr\u00edcola's most innovative wine coming from the coastal lands of La Marina Alta close to the Mediterranean Sea.","breadcrumb":{"@id":"https:\/\/casaagricola.es\/en\/vinos\/fierroca\/#breadcrumb"},"inLanguage":"en-US","potentialAction":[{"@type":"ReadAction","target":["https:\/\/casaagricola.es\/en\/vinos\/fierroca\/"]}]},{"@type":"BreadcrumbList","@id":"https:\/\/casaagricola.es\/en\/vinos\/fierroca\/#breadcrumb","itemListElement":[{"@type":"ListItem","position":1,"name":"Portada","item":"https:\/\/casaagricola.es\/en\/"},{"@type":"ListItem","position":2,"name":"Shop","item":"https:\/\/casaagricola.es\/en\/shop-2\/"},{"@type":"ListItem","position":3,"name":"Fierroca 2024"}]},{"@type":"WebSite","@id":"https:\/\/casaagricola.es\/#website","url":"https:\/\/casaagricola.es\/","name":"Casa Agr\u00edcola - Vinos Pepe Mendoza","description":"Artisan Wines -  Buy Online Wines by Pepe Mendoza | Alicante Wines","publisher":{"@id":"https:\/\/casaagricola.es\/#organization"},"potentialAction":[{"@type":"SearchAction","target":{"@type":"EntryPoint","urlTemplate":"https:\/\/casaagricola.es\/?s={search_term_string}"},"query-input":"required name=search_term_string"}],"inLanguage":"en-US"},{"@type":"Organization","@id":"https:\/\/casaagricola.es\/#organization","name":"La despensa - Casa Agr\u00edcola - Pepe Mendoza","url":"https:\/\/casaagricola.es\/","logo":{"@type":"ImageObject","inLanguage":"en-US","@id":"https:\/\/casaagricola.es\/#\/schema\/logo\/image\/","url":"https:\/\/casaagricola.es\/wp-content\/uploads\/2020\/10\/pepesellosq.png","contentUrl":"https:\/\/casaagricola.es\/wp-content\/uploads\/2020\/10\/pepesellosq.png","width":956,"height":898,"caption":"La despensa - Casa Agr\u00edcola - Pepe Mendoza"},"image":{"@id":"https:\/\/casaagricola.es\/#\/schema\/logo\/image\/"}}]}},"_links":{"self":[{"href":"https:\/\/casaagricola.es\/en\/wp-json\/wp\/v2\/product\/64337"}],"collection":[{"href":"https:\/\/casaagricola.es\/en\/wp-json\/wp\/v2\/product"}],"about":[{"href":"https:\/\/casaagricola.es\/en\/wp-json\/wp\/v2\/types\/product"}],"wp:featuredmedia":[{"embeddable":true,"href":"https:\/\/casaagricola.es\/en\/wp-json\/wp\/v2\/media\/66415"}],"wp:attachment":[{"href":"https:\/\/casaagricola.es\/en\/wp-json\/wp\/v2\/media?parent=64337"}],"wp:term":[{"taxonomy":"product_cat","embeddable":true,"href":"https:\/\/casaagricola.es\/en\/wp-json\/wp\/v2\/product_cat?post=64337"},{"taxonomy":"product_tag","embeddable":true,"href":"https:\/\/casaagricola.es\/en\/wp-json\/wp\/v2\/product_tag?post=64337"}],"curies":[{"name":"wp","href":"https:\/\/api.w.org\/{rel}","templated":true}]}}