{"id":64690,"date":"2023-01-09T18:58:52","date_gmt":"2023-01-09T18:58:53","guid":{"rendered":"https:\/\/casaagricola.es\/?post_type=product&#038;p=64690"},"modified":"2025-12-01T17:35:12","modified_gmt":"2025-12-01T17:35:12","slug":"casa-agricola-tinto-2021","status":"publish","type":"product","link":"https:\/\/casaagricola.es\/en\/vinos\/casa-agricola-tinto-2021\/","title":{"rendered":"Casa Agr\u00edcola Tinto 2024"},"content":{"rendered":"<div class=\"wpb-content-wrapper\"><p>[vc_row][vc_column][vc_column_text]Full explosion of the Mediterranean coast and mountains. Aromas of Bouquet garnit, pine and rosemary. Full Mediterranean freshness balanced and ample on the palate.[\/vc_column_text][\/vc_column][\/vc_row][vc_row][vc_column]<style>.ld_section_title_69faa4b4bc5e7 h3{margin-top:20px !important;;margin-bottom:0px !important;;}<\/style><header class=\"fancy-title ld_section_title_69faa4b4bc5e7\">\n\t<h3>Nutricional QR<\/h3>\t\t<\/header>[\/vc_column][\/vc_row][vc_row][vc_column width=&#8221;1\/2&#8243;][vc_single_image image=&#8221;88290&#8243; add_caption=&#8221;yes&#8221; alignment=&#8221;center&#8221; onclick=&#8221;custom_link&#8221; img_link_target=&#8221;_blank&#8221; link=&#8221;https:\/\/id.aecocescanqr.es\/es\/01\/08437017953036&#8243; css=&#8221;.vc_custom_1740589377435{margin-top: -20px !important;}&#8221;][\/vc_column][vc_column width=&#8221;1\/2&#8243;][vc_single_image image=&#8221;88304&#8243; add_caption=&#8221;yes&#8221; alignment=&#8221;center&#8221; onclick=&#8221;custom_link&#8221; img_link_target=&#8221;_blank&#8221; link=&#8221;https:\/\/id.aecocescanqr.es\/es\/01\/08437017953036&#8243; css=&#8221;.vc_custom_1740589094246{margin-top: -20px !important;}&#8221;][\/vc_column][\/vc_row]<\/p>\n<\/div>","protected":false},"excerpt":{"rendered":"<h4><strong>Casa Agr\u00edcola Tinto<\/strong><\/h4>\n<p>Representation of two prominent terroirs of Alicante: the highlands of Vinalop\u00f3 with its Monastrell and Alicante Bouschet, and the Marine coastal areas with its Gir\u00f3 from Finca de Abargues.<\/p>\n<p><strong>Varietals:<\/strong> Monastrell 70% , Gir\u00f3 27%, Alicante Bouschet 3%<\/p>\n","protected":false},"featured_media":66379,"template":"","meta":[],"product_cat":[75,77,77,75],"product_tag":[206,206,205,205,208,208,81,81,82,82],"yoast_head":"<!-- This site is optimized with the Yoast SEO plugin v20.4 - https:\/\/yoast.com\/wordpress\/plugins\/seo\/ -->\n<title>Casa Agr\u00edcola Tinto 2024 &ndash; Vinos de Paisaje - Pepe Mendoza<\/title>\n<meta name=\"description\" content=\"Casa Agr\u00edcola Tinto. A blend of Mediterranean varieties coming from the highlands of Vinalop\u00f3 and the coastal area of La Marina Alta.\" \/>\n<meta name=\"robots\" content=\"index, follow, max-snippet:-1, max-image-preview:large, max-video-preview:-1\" \/>\n<link rel=\"canonical\" href=\"https:\/\/casaagricola.es\/en\/vinos\/casa-agricola-tinto-2021\/\" \/>\n<meta property=\"og:locale\" content=\"en_US\" \/>\n<meta property=\"og:type\" content=\"article\" \/>\n<meta property=\"og:title\" content=\"Casa Agr\u00edcola Tinto 2024 &ndash; Vinos de Paisaje - Pepe Mendoza\" \/>\n<meta property=\"og:description\" content=\"Casa Agr\u00edcola Tinto. A blend of Mediterranean varieties coming from the highlands of Vinalop\u00f3 and the coastal area of La Marina Alta.\" \/>\n<meta property=\"og:url\" content=\"https:\/\/casaagricola.es\/en\/vinos\/casa-agricola-tinto-2021\/\" \/>\n<meta property=\"og:site_name\" content=\"Casa Agr\u00edcola - Vinos Pepe Mendoza\" \/>\n<meta property=\"article:modified_time\" content=\"2025-12-01T17:35:12+00:00\" \/>\n<meta property=\"og:image\" content=\"https:\/\/casaagricola.es\/wp-content\/uploads\/2023\/07\/DSC_0090_edit-scaled.jpg\" \/>\n\t<meta property=\"og:image:width\" content=\"1696\" \/>\n\t<meta property=\"og:image:height\" content=\"2560\" \/>\n\t<meta property=\"og:image:type\" content=\"image\/jpeg\" \/>\n<meta name=\"twitter:card\" content=\"summary_large_image\" \/>\n<meta name=\"twitter:label1\" content=\"Est. reading time\" \/>\n\t<meta name=\"twitter:data1\" content=\"1 minute\" \/>\n<script type=\"application\/ld+json\" class=\"yoast-schema-graph\">{\"@context\":\"https:\/\/schema.org\",\"@graph\":[{\"@type\":\"WebPage\",\"@id\":\"https:\/\/casaagricola.es\/en\/vinos\/casa-agricola-tinto-2021\/\",\"url\":\"https:\/\/casaagricola.es\/en\/vinos\/casa-agricola-tinto-2021\/\",\"name\":\"Casa Agr\u00edcola Tinto 2024 &ndash; Vinos de Paisaje - Pepe Mendoza\",\"isPartOf\":{\"@id\":\"https:\/\/casaagricola.es\/#website\"},\"datePublished\":\"2023-01-09T18:58:53+00:00\",\"dateModified\":\"2025-12-01T17:35:12+00:00\",\"description\":\"Casa Agr\u00edcola Tinto. A blend of Mediterranean varieties coming from the highlands of Vinalop\u00f3 and the coastal area of La Marina Alta.\",\"breadcrumb\":{\"@id\":\"https:\/\/casaagricola.es\/en\/vinos\/casa-agricola-tinto-2021\/#breadcrumb\"},\"inLanguage\":\"en-US\",\"potentialAction\":[{\"@type\":\"ReadAction\",\"target\":[\"https:\/\/casaagricola.es\/en\/vinos\/casa-agricola-tinto-2021\/\"]}]},{\"@type\":\"BreadcrumbList\",\"@id\":\"https:\/\/casaagricola.es\/en\/vinos\/casa-agricola-tinto-2021\/#breadcrumb\",\"itemListElement\":[{\"@type\":\"ListItem\",\"position\":1,\"name\":\"Portada\",\"item\":\"https:\/\/casaagricola.es\/en\/\"},{\"@type\":\"ListItem\",\"position\":2,\"name\":\"Shop\",\"item\":\"https:\/\/casaagricola.es\/en\/shop-2\/\"},{\"@type\":\"ListItem\",\"position\":3,\"name\":\"Casa Agr\u00edcola Tinto 2024\"}]},{\"@type\":\"WebSite\",\"@id\":\"https:\/\/casaagricola.es\/#website\",\"url\":\"https:\/\/casaagricola.es\/\",\"name\":\"Casa Agr\u00edcola - Vinos Pepe Mendoza\",\"description\":\"Artisan Wines -  Buy Online Wines by Pepe Mendoza | Alicante Wines\",\"publisher\":{\"@id\":\"https:\/\/casaagricola.es\/#organization\"},\"potentialAction\":[{\"@type\":\"SearchAction\",\"target\":{\"@type\":\"EntryPoint\",\"urlTemplate\":\"https:\/\/casaagricola.es\/?s={search_term_string}\"},\"query-input\":\"required name=search_term_string\"}],\"inLanguage\":\"en-US\"},{\"@type\":\"Organization\",\"@id\":\"https:\/\/casaagricola.es\/#organization\",\"name\":\"La despensa - Casa Agr\u00edcola - Pepe Mendoza\",\"url\":\"https:\/\/casaagricola.es\/\",\"logo\":{\"@type\":\"ImageObject\",\"inLanguage\":\"en-US\",\"@id\":\"https:\/\/casaagricola.es\/#\/schema\/logo\/image\/\",\"url\":\"https:\/\/casaagricola.es\/wp-content\/uploads\/2020\/10\/pepesellosq.png\",\"contentUrl\":\"https:\/\/casaagricola.es\/wp-content\/uploads\/2020\/10\/pepesellosq.png\",\"width\":956,\"height\":898,\"caption\":\"La despensa - Casa Agr\u00edcola - Pepe Mendoza\"},\"image\":{\"@id\":\"https:\/\/casaagricola.es\/#\/schema\/logo\/image\/\"}}]}<\/script>\n<!-- \/ Yoast SEO plugin. -->","yoast_head_json":{"title":"Casa Agr\u00edcola Tinto 2024 &ndash; Vinos de Paisaje - Pepe Mendoza","description":"Casa Agr\u00edcola Tinto. A blend of Mediterranean varieties coming from the highlands of Vinalop\u00f3 and the coastal area of La Marina Alta.","robots":{"index":"index","follow":"follow","max-snippet":"max-snippet:-1","max-image-preview":"max-image-preview:large","max-video-preview":"max-video-preview:-1"},"canonical":"https:\/\/casaagricola.es\/en\/vinos\/casa-agricola-tinto-2021\/","og_locale":"en_US","og_type":"article","og_title":"Casa Agr\u00edcola Tinto 2024 &ndash; Vinos de Paisaje - Pepe Mendoza","og_description":"Casa Agr\u00edcola Tinto. A blend of Mediterranean varieties coming from the highlands of Vinalop\u00f3 and the coastal area of La Marina Alta.","og_url":"https:\/\/casaagricola.es\/en\/vinos\/casa-agricola-tinto-2021\/","og_site_name":"Casa Agr\u00edcola - Vinos Pepe Mendoza","article_modified_time":"2025-12-01T17:35:12+00:00","og_image":[{"width":1696,"height":2560,"url":"https:\/\/casaagricola.es\/wp-content\/uploads\/2023\/07\/DSC_0090_edit-scaled.jpg","type":"image\/jpeg"}],"twitter_card":"summary_large_image","twitter_misc":{"Est. reading time":"1 minute"},"schema":{"@context":"https:\/\/schema.org","@graph":[{"@type":"WebPage","@id":"https:\/\/casaagricola.es\/en\/vinos\/casa-agricola-tinto-2021\/","url":"https:\/\/casaagricola.es\/en\/vinos\/casa-agricola-tinto-2021\/","name":"Casa Agr\u00edcola Tinto 2024 &ndash; Vinos de Paisaje - Pepe Mendoza","isPartOf":{"@id":"https:\/\/casaagricola.es\/#website"},"datePublished":"2023-01-09T18:58:53+00:00","dateModified":"2025-12-01T17:35:12+00:00","description":"Casa Agr\u00edcola Tinto. A blend of Mediterranean varieties coming from the highlands of Vinalop\u00f3 and the coastal area of La Marina Alta.","breadcrumb":{"@id":"https:\/\/casaagricola.es\/en\/vinos\/casa-agricola-tinto-2021\/#breadcrumb"},"inLanguage":"en-US","potentialAction":[{"@type":"ReadAction","target":["https:\/\/casaagricola.es\/en\/vinos\/casa-agricola-tinto-2021\/"]}]},{"@type":"BreadcrumbList","@id":"https:\/\/casaagricola.es\/en\/vinos\/casa-agricola-tinto-2021\/#breadcrumb","itemListElement":[{"@type":"ListItem","position":1,"name":"Portada","item":"https:\/\/casaagricola.es\/en\/"},{"@type":"ListItem","position":2,"name":"Shop","item":"https:\/\/casaagricola.es\/en\/shop-2\/"},{"@type":"ListItem","position":3,"name":"Casa Agr\u00edcola Tinto 2024"}]},{"@type":"WebSite","@id":"https:\/\/casaagricola.es\/#website","url":"https:\/\/casaagricola.es\/","name":"Casa Agr\u00edcola - Vinos Pepe Mendoza","description":"Artisan Wines -  Buy Online Wines by Pepe Mendoza | Alicante Wines","publisher":{"@id":"https:\/\/casaagricola.es\/#organization"},"potentialAction":[{"@type":"SearchAction","target":{"@type":"EntryPoint","urlTemplate":"https:\/\/casaagricola.es\/?s={search_term_string}"},"query-input":"required name=search_term_string"}],"inLanguage":"en-US"},{"@type":"Organization","@id":"https:\/\/casaagricola.es\/#organization","name":"La despensa - Casa Agr\u00edcola - Pepe Mendoza","url":"https:\/\/casaagricola.es\/","logo":{"@type":"ImageObject","inLanguage":"en-US","@id":"https:\/\/casaagricola.es\/#\/schema\/logo\/image\/","url":"https:\/\/casaagricola.es\/wp-content\/uploads\/2020\/10\/pepesellosq.png","contentUrl":"https:\/\/casaagricola.es\/wp-content\/uploads\/2020\/10\/pepesellosq.png","width":956,"height":898,"caption":"La despensa - Casa Agr\u00edcola - Pepe Mendoza"},"image":{"@id":"https:\/\/casaagricola.es\/#\/schema\/logo\/image\/"}}]}},"_links":{"self":[{"href":"https:\/\/casaagricola.es\/en\/wp-json\/wp\/v2\/product\/64690"}],"collection":[{"href":"https:\/\/casaagricola.es\/en\/wp-json\/wp\/v2\/product"}],"about":[{"href":"https:\/\/casaagricola.es\/en\/wp-json\/wp\/v2\/types\/product"}],"wp:featuredmedia":[{"embeddable":true,"href":"https:\/\/casaagricola.es\/en\/wp-json\/wp\/v2\/media\/66379"}],"wp:attachment":[{"href":"https:\/\/casaagricola.es\/en\/wp-json\/wp\/v2\/media?parent=64690"}],"wp:term":[{"taxonomy":"product_cat","embeddable":true,"href":"https:\/\/casaagricola.es\/en\/wp-json\/wp\/v2\/product_cat?post=64690"},{"taxonomy":"product_tag","embeddable":true,"href":"https:\/\/casaagricola.es\/en\/wp-json\/wp\/v2\/product_tag?post=64690"}],"curies":[{"name":"wp","href":"https:\/\/api.w.org\/{rel}","templated":true}]}}