{"id":65499,"date":"2023-05-01T16:20:09","date_gmt":"2023-05-01T16:36:36","guid":{"rendered":"https:\/\/casaagricola.es\/vinos\/pureza-anfora-2022\/"},"modified":"2025-12-09T16:15:04","modified_gmt":"2025-12-09T16:15:04","slug":"pureza-anfora","status":"publish","type":"product","link":"https:\/\/casaagricola.es\/en\/vinos\/pureza-anfora\/","title":{"rendered":"Pureza \u00c1nfora 2024"},"content":{"rendered":"<div class=\"wpb-content-wrapper\"><p>[vc_row][vc_column][vc_column_text]Lovely notes of rose petals, dried roses, orange and citrus. Full and fresh palate with pleasant hints of chamomile brew, rock tea and apples. With a certain structure that prepares it to live for many years and\u00a0very\u00a0mineral.<\/p>\n<p>Wine of great character, strength and soul. Made following the ancient tradition of elaborating white wines by macerating the must with the skins. In our area they are known as Brisados or Brisats and are currently called Amber or Orange Wines.<\/p>\n<p>Moscatel Pureza &#8211; Pla de Lliber<br \/>\nMoscatel de Abargues, Pla de Lliber and Benimei. Located in La Marina.<br \/>\nMaceration and vinification of Moscatel in amphorae (jars) made by the artisan\u00a0Juan\u00a0Padilla.[\/vc_column_text][\/vc_column][\/vc_row][vc_row][vc_column]<style>.ld_section_title_69e02e1d7a835 h3{margin-top:20px !important;;}<\/style><header class=\"fancy-title ld_section_title_69e02e1d7a835\">\n\t<h3>Nutritional QR<\/h3>\t\t<\/header>[\/vc_column][\/vc_row][vc_row][vc_column align=&#8221;text-center&#8221;][vc_single_image image=&#8221;88296&#8243; alignment=&#8221;center&#8221; onclick=&#8221;custom_link&#8221; img_link_target=&#8221;_blank&#8221; link=&#8221;https:\/\/id.aecocescanqr.es\/es\/01\/08437017953043&#8243; css=&#8221;.vc_custom_1740573742371{margin-top: -20px !important;}&#8221;][\/vc_column][\/vc_row]<\/p>\n<\/div>","protected":false},"excerpt":{"rendered":"<p><strong>Pureza. Moscatel de la Marina Alta en \u00c1nfora<\/strong><\/p>\n<p><span class=\"JsGRdQ\">Wine of great origin, character and purity. Wine produced following the ancient method of macerating the must of the white grapes on its skins. In our area they are known as <em>Brisados<\/em> or <em>Brisats<\/em> and currently they are also called Amber or Orange Wines.<\/span><\/p>\n<p><strong>Variedad:<\/strong> Moscatel 100%.<\/p>\n","protected":false},"featured_media":66373,"template":"","meta":[],"product_cat":[71,76,71,72,73,73,74,76,74,72],"product_tag":[83,83,84,84],"yoast_head":"<!-- This site is optimized with the Yoast SEO plugin v20.4 - https:\/\/yoast.com\/wordpress\/plugins\/seo\/ -->\n<title>100% Moscatel Seco \u00c1nfora. Vinos Pepe Mendoza<\/title>\n<meta name=\"description\" content=\"Pureza \u00c1nfora 2024. 100% Moscatel de la Marina Alta. Pureza \u00c1nfora, wine produced following the ancient method of macerating the must of white grapes on its skins. Amber or Orange wine.\" \/>\n<meta name=\"robots\" content=\"index, follow, max-snippet:-1, max-image-preview:large, max-video-preview:-1\" \/>\n<link rel=\"canonical\" href=\"https:\/\/casaagricola.es\/en\/vinos\/pureza-anfora\/\" \/>\n<meta property=\"og:locale\" content=\"en_US\" \/>\n<meta property=\"og:type\" content=\"article\" \/>\n<meta property=\"og:title\" content=\"100% Moscatel Seco \u00c1nfora. Vinos Pepe Mendoza\" \/>\n<meta property=\"og:description\" content=\"Pureza \u00c1nfora 2024. 100% Moscatel de la Marina Alta. Pureza \u00c1nfora, wine produced following the ancient method of macerating the must of white grapes on its skins. Amber or Orange wine.\" \/>\n<meta property=\"og:url\" content=\"https:\/\/casaagricola.es\/en\/vinos\/pureza-anfora\/\" \/>\n<meta property=\"og:site_name\" content=\"Casa Agr\u00edcola - Vinos Pepe Mendoza\" \/>\n<meta property=\"article:modified_time\" content=\"2025-12-09T16:15:04+00:00\" \/>\n<meta property=\"og:image\" content=\"https:\/\/casaagricola.es\/wp-content\/uploads\/2023\/07\/DSC_0078_edit-scaled.jpg\" \/>\n\t<meta property=\"og:image:width\" content=\"1696\" \/>\n\t<meta property=\"og:image:height\" content=\"2560\" \/>\n\t<meta property=\"og:image:type\" content=\"image\/jpeg\" \/>\n<meta name=\"twitter:card\" content=\"summary_large_image\" \/>\n<meta name=\"twitter:label1\" content=\"Est. reading time\" \/>\n\t<meta name=\"twitter:data1\" content=\"1 minute\" \/>\n<script type=\"application\/ld+json\" class=\"yoast-schema-graph\">{\"@context\":\"https:\/\/schema.org\",\"@graph\":[{\"@type\":\"WebPage\",\"@id\":\"https:\/\/casaagricola.es\/en\/vinos\/pureza-anfora\/\",\"url\":\"https:\/\/casaagricola.es\/en\/vinos\/pureza-anfora\/\",\"name\":\"100% Moscatel Seco \u00c1nfora. Vinos Pepe Mendoza\",\"isPartOf\":{\"@id\":\"https:\/\/casaagricola.es\/#website\"},\"datePublished\":\"2023-05-01T16:36:36+00:00\",\"dateModified\":\"2025-12-09T16:15:04+00:00\",\"description\":\"Pureza \u00c1nfora 2024. 100% Moscatel de la Marina Alta. Pureza \u00c1nfora, wine produced following the ancient method of macerating the must of white grapes on its skins. Amber or Orange wine.\",\"breadcrumb\":{\"@id\":\"https:\/\/casaagricola.es\/en\/vinos\/pureza-anfora\/#breadcrumb\"},\"inLanguage\":\"en-US\",\"potentialAction\":[{\"@type\":\"ReadAction\",\"target\":[\"https:\/\/casaagricola.es\/en\/vinos\/pureza-anfora\/\"]}]},{\"@type\":\"BreadcrumbList\",\"@id\":\"https:\/\/casaagricola.es\/en\/vinos\/pureza-anfora\/#breadcrumb\",\"itemListElement\":[{\"@type\":\"ListItem\",\"position\":1,\"name\":\"Portada\",\"item\":\"https:\/\/casaagricola.es\/en\/\"},{\"@type\":\"ListItem\",\"position\":2,\"name\":\"Shop\",\"item\":\"https:\/\/casaagricola.es\/en\/shop-2\/\"},{\"@type\":\"ListItem\",\"position\":3,\"name\":\"Pureza \u00c1nfora 2024\"}]},{\"@type\":\"WebSite\",\"@id\":\"https:\/\/casaagricola.es\/#website\",\"url\":\"https:\/\/casaagricola.es\/\",\"name\":\"Casa Agr\u00edcola - Vinos Pepe Mendoza\",\"description\":\"Artisan Wines -  Buy Online Wines by Pepe Mendoza | Alicante Wines\",\"publisher\":{\"@id\":\"https:\/\/casaagricola.es\/#organization\"},\"potentialAction\":[{\"@type\":\"SearchAction\",\"target\":{\"@type\":\"EntryPoint\",\"urlTemplate\":\"https:\/\/casaagricola.es\/?s={search_term_string}\"},\"query-input\":\"required name=search_term_string\"}],\"inLanguage\":\"en-US\"},{\"@type\":\"Organization\",\"@id\":\"https:\/\/casaagricola.es\/#organization\",\"name\":\"La despensa - Casa Agr\u00edcola - Pepe Mendoza\",\"url\":\"https:\/\/casaagricola.es\/\",\"logo\":{\"@type\":\"ImageObject\",\"inLanguage\":\"en-US\",\"@id\":\"https:\/\/casaagricola.es\/#\/schema\/logo\/image\/\",\"url\":\"https:\/\/casaagricola.es\/wp-content\/uploads\/2020\/10\/pepesellosq.png\",\"contentUrl\":\"https:\/\/casaagricola.es\/wp-content\/uploads\/2020\/10\/pepesellosq.png\",\"width\":956,\"height\":898,\"caption\":\"La despensa - Casa Agr\u00edcola - Pepe Mendoza\"},\"image\":{\"@id\":\"https:\/\/casaagricola.es\/#\/schema\/logo\/image\/\"}}]}<\/script>\n<!-- \/ Yoast SEO plugin. -->","yoast_head_json":{"title":"100% Moscatel Seco \u00c1nfora. Vinos Pepe Mendoza","description":"Pureza \u00c1nfora 2024. 100% Moscatel de la Marina Alta. Pureza \u00c1nfora, wine produced following the ancient method of macerating the must of white grapes on its skins. Amber or Orange wine.","robots":{"index":"index","follow":"follow","max-snippet":"max-snippet:-1","max-image-preview":"max-image-preview:large","max-video-preview":"max-video-preview:-1"},"canonical":"https:\/\/casaagricola.es\/en\/vinos\/pureza-anfora\/","og_locale":"en_US","og_type":"article","og_title":"100% Moscatel Seco \u00c1nfora. Vinos Pepe Mendoza","og_description":"Pureza \u00c1nfora 2024. 100% Moscatel de la Marina Alta. Pureza \u00c1nfora, wine produced following the ancient method of macerating the must of white grapes on its skins. Amber or Orange wine.","og_url":"https:\/\/casaagricola.es\/en\/vinos\/pureza-anfora\/","og_site_name":"Casa Agr\u00edcola - Vinos Pepe Mendoza","article_modified_time":"2025-12-09T16:15:04+00:00","og_image":[{"width":1696,"height":2560,"url":"https:\/\/casaagricola.es\/wp-content\/uploads\/2023\/07\/DSC_0078_edit-scaled.jpg","type":"image\/jpeg"}],"twitter_card":"summary_large_image","twitter_misc":{"Est. reading time":"1 minute"},"schema":{"@context":"https:\/\/schema.org","@graph":[{"@type":"WebPage","@id":"https:\/\/casaagricola.es\/en\/vinos\/pureza-anfora\/","url":"https:\/\/casaagricola.es\/en\/vinos\/pureza-anfora\/","name":"100% Moscatel Seco \u00c1nfora. Vinos Pepe Mendoza","isPartOf":{"@id":"https:\/\/casaagricola.es\/#website"},"datePublished":"2023-05-01T16:36:36+00:00","dateModified":"2025-12-09T16:15:04+00:00","description":"Pureza \u00c1nfora 2024. 100% Moscatel de la Marina Alta. Pureza \u00c1nfora, wine produced following the ancient method of macerating the must of white grapes on its skins. Amber or Orange wine.","breadcrumb":{"@id":"https:\/\/casaagricola.es\/en\/vinos\/pureza-anfora\/#breadcrumb"},"inLanguage":"en-US","potentialAction":[{"@type":"ReadAction","target":["https:\/\/casaagricola.es\/en\/vinos\/pureza-anfora\/"]}]},{"@type":"BreadcrumbList","@id":"https:\/\/casaagricola.es\/en\/vinos\/pureza-anfora\/#breadcrumb","itemListElement":[{"@type":"ListItem","position":1,"name":"Portada","item":"https:\/\/casaagricola.es\/en\/"},{"@type":"ListItem","position":2,"name":"Shop","item":"https:\/\/casaagricola.es\/en\/shop-2\/"},{"@type":"ListItem","position":3,"name":"Pureza \u00c1nfora 2024"}]},{"@type":"WebSite","@id":"https:\/\/casaagricola.es\/#website","url":"https:\/\/casaagricola.es\/","name":"Casa Agr\u00edcola - Vinos Pepe Mendoza","description":"Artisan Wines -  Buy Online Wines by Pepe Mendoza | Alicante Wines","publisher":{"@id":"https:\/\/casaagricola.es\/#organization"},"potentialAction":[{"@type":"SearchAction","target":{"@type":"EntryPoint","urlTemplate":"https:\/\/casaagricola.es\/?s={search_term_string}"},"query-input":"required name=search_term_string"}],"inLanguage":"en-US"},{"@type":"Organization","@id":"https:\/\/casaagricola.es\/#organization","name":"La despensa - Casa Agr\u00edcola - Pepe Mendoza","url":"https:\/\/casaagricola.es\/","logo":{"@type":"ImageObject","inLanguage":"en-US","@id":"https:\/\/casaagricola.es\/#\/schema\/logo\/image\/","url":"https:\/\/casaagricola.es\/wp-content\/uploads\/2020\/10\/pepesellosq.png","contentUrl":"https:\/\/casaagricola.es\/wp-content\/uploads\/2020\/10\/pepesellosq.png","width":956,"height":898,"caption":"La despensa - Casa Agr\u00edcola - Pepe Mendoza"},"image":{"@id":"https:\/\/casaagricola.es\/#\/schema\/logo\/image\/"}}]}},"_links":{"self":[{"href":"https:\/\/casaagricola.es\/en\/wp-json\/wp\/v2\/product\/65499"}],"collection":[{"href":"https:\/\/casaagricola.es\/en\/wp-json\/wp\/v2\/product"}],"about":[{"href":"https:\/\/casaagricola.es\/en\/wp-json\/wp\/v2\/types\/product"}],"wp:featuredmedia":[{"embeddable":true,"href":"https:\/\/casaagricola.es\/en\/wp-json\/wp\/v2\/media\/66373"}],"wp:attachment":[{"href":"https:\/\/casaagricola.es\/en\/wp-json\/wp\/v2\/media?parent=65499"}],"wp:term":[{"taxonomy":"product_cat","embeddable":true,"href":"https:\/\/casaagricola.es\/en\/wp-json\/wp\/v2\/product_cat?post=65499"},{"taxonomy":"product_tag","embeddable":true,"href":"https:\/\/casaagricola.es\/en\/wp-json\/wp\/v2\/product_tag?post=65499"}],"curies":[{"name":"wp","href":"https:\/\/api.w.org\/{rel}","templated":true}]}}