{"id":89931,"date":"2025-01-15T19:10:37","date_gmt":"2025-01-15T19:10:39","guid":{"rendered":"https:\/\/casaagricola.es\/?post_type=product&#038;p=89931"},"modified":"2026-02-18T09:40:18","modified_gmt":"2026-02-18T09:40:18","slug":"paciencia-infinita","status":"publish","type":"product","link":"https:\/\/casaagricola.es\/en\/vinos\/paciencia-infinita\/","title":{"rendered":"Paciencia Infinita 2021"},"content":{"rendered":"<p><strong>Red Sweet Natural Wine, Finca de Abargues and Vi\u00f1as El Veneno<\/strong><\/p>\n<p>Lovely natural sweet red wine with a beautiful aromatic evolution reminiscent of chocolate, cocoa, tobacco and cigar.<\/p>\n<p>Nice fresh notes of ripe plum, cherry and tomato jam. The palate has an excellent balance of alcohol-acidity-tannin sweetness.<\/p>\n<p>Lovely long smoky finish.<\/p>\n","protected":false},"excerpt":{"rendered":"<p><strong>\u00a0 \u00a0\u00a0\u00a0 Bottle 0,5 L. \u00a0 \u00a0 &#8211;\u00a0\u00a0 \u00a0 Magnum<\/strong><\/p>\n<p>&nbsp;<\/p>\n<p><strong>Paciencia Infinita 2021. Natural Sweet Red Wine<\/strong><\/p>\n<p>&nbsp;<\/p>\n<p>&nbsp;<\/p>\n<p>A naturally sweet red wine, 50% Monastrell and 50% Gir\u00f3, with no added alcohol.<\/p>\n<p>A modern wine, pure and clear, embodying cleanliness.<\/p>\n<p>&nbsp;<\/p>\n","protected":false},"featured_media":90144,"template":"","meta":[],"product_cat":[76,73,73,75,78,76,78,75],"product_tag":[206,206,81,81,82,82,85,85],"yoast_head":"<!-- This site is optimized with the Yoast SEO plugin v20.4 - https:\/\/yoast.com\/wordpress\/plugins\/seo\/ -->\n<title>Paciencia Infinita 2021 &ndash; Pepe Mendoza Casa Agr\u00edcola<\/title>\n<meta name=\"description\" content=\"Gir\u00f3 de Abargues - Casa Agr\u00edcola&#039;s most innovative wine coming from the coastal lands of La Marina Alta close to the Mediterranean Sea.\" \/>\n<meta name=\"robots\" content=\"index, follow, max-snippet:-1, max-image-preview:large, max-video-preview:-1\" \/>\n<link rel=\"canonical\" href=\"https:\/\/casaagricola.es\/en\/vinos\/paciencia-infinita\/\" \/>\n<meta property=\"og:locale\" content=\"en_US\" \/>\n<meta property=\"og:type\" content=\"article\" \/>\n<meta property=\"og:title\" content=\"Paciencia Infinita 2021 &ndash; Pepe Mendoza Casa Agr\u00edcola\" \/>\n<meta property=\"og:description\" content=\"Gir\u00f3 de Abargues - Casa Agr\u00edcola&#039;s most innovative wine coming from the coastal lands of La Marina Alta close to the Mediterranean Sea.\" \/>\n<meta property=\"og:url\" content=\"https:\/\/casaagricola.es\/en\/vinos\/paciencia-infinita\/\" \/>\n<meta property=\"og:site_name\" content=\"Casa Agr\u00edcola - Vinos Pepe Mendoza\" \/>\n<meta property=\"article:modified_time\" content=\"2026-02-18T09:40:18+00:00\" \/>\n<meta property=\"og:image\" content=\"https:\/\/casaagricola.es\/wp-content\/uploads\/2025\/01\/Paciencia-Infinita-Casa-Agricola-704x1024.png\" \/>\n\t<meta property=\"og:image:width\" content=\"704\" \/>\n\t<meta property=\"og:image:height\" content=\"1024\" \/>\n\t<meta property=\"og:image:type\" content=\"image\/png\" \/>\n<meta name=\"twitter:card\" content=\"summary_large_image\" \/>\n<meta name=\"twitter:label1\" content=\"Est. reading time\" \/>\n\t<meta name=\"twitter:data1\" content=\"1 minute\" \/>\n<script type=\"application\/ld+json\" class=\"yoast-schema-graph\">{\"@context\":\"https:\/\/schema.org\",\"@graph\":[{\"@type\":\"WebPage\",\"@id\":\"https:\/\/casaagricola.es\/en\/vinos\/paciencia-infinita\/\",\"url\":\"https:\/\/casaagricola.es\/en\/vinos\/paciencia-infinita\/\",\"name\":\"Paciencia Infinita 2021 &ndash; Pepe Mendoza Casa Agr\u00edcola\",\"isPartOf\":{\"@id\":\"https:\/\/casaagricola.es\/#website\"},\"datePublished\":\"2025-01-15T19:10:39+00:00\",\"dateModified\":\"2026-02-18T09:40:18+00:00\",\"description\":\"Gir\u00f3 de Abargues - Casa Agr\u00edcola's most innovative wine coming from the coastal lands of La Marina Alta close to the Mediterranean Sea.\",\"breadcrumb\":{\"@id\":\"https:\/\/casaagricola.es\/en\/vinos\/paciencia-infinita\/#breadcrumb\"},\"inLanguage\":\"en-US\",\"potentialAction\":[{\"@type\":\"ReadAction\",\"target\":[\"https:\/\/casaagricola.es\/en\/vinos\/paciencia-infinita\/\"]}]},{\"@type\":\"BreadcrumbList\",\"@id\":\"https:\/\/casaagricola.es\/en\/vinos\/paciencia-infinita\/#breadcrumb\",\"itemListElement\":[{\"@type\":\"ListItem\",\"position\":1,\"name\":\"Portada\",\"item\":\"https:\/\/casaagricola.es\/en\/\"},{\"@type\":\"ListItem\",\"position\":2,\"name\":\"Shop\",\"item\":\"https:\/\/casaagricola.es\/en\/shop-2\/\"},{\"@type\":\"ListItem\",\"position\":3,\"name\":\"Paciencia Infinita 2021\"}]},{\"@type\":\"WebSite\",\"@id\":\"https:\/\/casaagricola.es\/#website\",\"url\":\"https:\/\/casaagricola.es\/\",\"name\":\"Casa Agr\u00edcola - Vinos Pepe Mendoza\",\"description\":\"Artisan Wines -  Buy Online Wines by Pepe Mendoza | Alicante Wines\",\"publisher\":{\"@id\":\"https:\/\/casaagricola.es\/#organization\"},\"potentialAction\":[{\"@type\":\"SearchAction\",\"target\":{\"@type\":\"EntryPoint\",\"urlTemplate\":\"https:\/\/casaagricola.es\/?s={search_term_string}\"},\"query-input\":\"required name=search_term_string\"}],\"inLanguage\":\"en-US\"},{\"@type\":\"Organization\",\"@id\":\"https:\/\/casaagricola.es\/#organization\",\"name\":\"La despensa - Casa Agr\u00edcola - Pepe Mendoza\",\"url\":\"https:\/\/casaagricola.es\/\",\"logo\":{\"@type\":\"ImageObject\",\"inLanguage\":\"en-US\",\"@id\":\"https:\/\/casaagricola.es\/#\/schema\/logo\/image\/\",\"url\":\"https:\/\/casaagricola.es\/wp-content\/uploads\/2020\/10\/pepesellosq.png\",\"contentUrl\":\"https:\/\/casaagricola.es\/wp-content\/uploads\/2020\/10\/pepesellosq.png\",\"width\":956,\"height\":898,\"caption\":\"La despensa - Casa Agr\u00edcola - Pepe Mendoza\"},\"image\":{\"@id\":\"https:\/\/casaagricola.es\/#\/schema\/logo\/image\/\"}}]}<\/script>\n<!-- \/ Yoast SEO plugin. -->","yoast_head_json":{"title":"Paciencia Infinita 2021 &ndash; Pepe Mendoza Casa Agr\u00edcola","description":"Gir\u00f3 de Abargues - Casa Agr\u00edcola's most innovative wine coming from the coastal lands of La Marina Alta close to the Mediterranean Sea.","robots":{"index":"index","follow":"follow","max-snippet":"max-snippet:-1","max-image-preview":"max-image-preview:large","max-video-preview":"max-video-preview:-1"},"canonical":"https:\/\/casaagricola.es\/en\/vinos\/paciencia-infinita\/","og_locale":"en_US","og_type":"article","og_title":"Paciencia Infinita 2021 &ndash; Pepe Mendoza Casa Agr\u00edcola","og_description":"Gir\u00f3 de Abargues - Casa Agr\u00edcola's most innovative wine coming from the coastal lands of La Marina Alta close to the Mediterranean Sea.","og_url":"https:\/\/casaagricola.es\/en\/vinos\/paciencia-infinita\/","og_site_name":"Casa Agr\u00edcola - Vinos Pepe Mendoza","article_modified_time":"2026-02-18T09:40:18+00:00","og_image":[{"width":704,"height":1024,"url":"https:\/\/casaagricola.es\/wp-content\/uploads\/2025\/01\/Paciencia-Infinita-Casa-Agricola-704x1024.png","type":"image\/png"}],"twitter_card":"summary_large_image","twitter_misc":{"Est. reading time":"1 minute"},"schema":{"@context":"https:\/\/schema.org","@graph":[{"@type":"WebPage","@id":"https:\/\/casaagricola.es\/en\/vinos\/paciencia-infinita\/","url":"https:\/\/casaagricola.es\/en\/vinos\/paciencia-infinita\/","name":"Paciencia Infinita 2021 &ndash; Pepe Mendoza Casa Agr\u00edcola","isPartOf":{"@id":"https:\/\/casaagricola.es\/#website"},"datePublished":"2025-01-15T19:10:39+00:00","dateModified":"2026-02-18T09:40:18+00:00","description":"Gir\u00f3 de Abargues - Casa Agr\u00edcola's most innovative wine coming from the coastal lands of La Marina Alta close to the Mediterranean Sea.","breadcrumb":{"@id":"https:\/\/casaagricola.es\/en\/vinos\/paciencia-infinita\/#breadcrumb"},"inLanguage":"en-US","potentialAction":[{"@type":"ReadAction","target":["https:\/\/casaagricola.es\/en\/vinos\/paciencia-infinita\/"]}]},{"@type":"BreadcrumbList","@id":"https:\/\/casaagricola.es\/en\/vinos\/paciencia-infinita\/#breadcrumb","itemListElement":[{"@type":"ListItem","position":1,"name":"Portada","item":"https:\/\/casaagricola.es\/en\/"},{"@type":"ListItem","position":2,"name":"Shop","item":"https:\/\/casaagricola.es\/en\/shop-2\/"},{"@type":"ListItem","position":3,"name":"Paciencia Infinita 2021"}]},{"@type":"WebSite","@id":"https:\/\/casaagricola.es\/#website","url":"https:\/\/casaagricola.es\/","name":"Casa Agr\u00edcola - Vinos Pepe Mendoza","description":"Artisan Wines -  Buy Online Wines by Pepe Mendoza | Alicante Wines","publisher":{"@id":"https:\/\/casaagricola.es\/#organization"},"potentialAction":[{"@type":"SearchAction","target":{"@type":"EntryPoint","urlTemplate":"https:\/\/casaagricola.es\/?s={search_term_string}"},"query-input":"required name=search_term_string"}],"inLanguage":"en-US"},{"@type":"Organization","@id":"https:\/\/casaagricola.es\/#organization","name":"La despensa - Casa Agr\u00edcola - Pepe Mendoza","url":"https:\/\/casaagricola.es\/","logo":{"@type":"ImageObject","inLanguage":"en-US","@id":"https:\/\/casaagricola.es\/#\/schema\/logo\/image\/","url":"https:\/\/casaagricola.es\/wp-content\/uploads\/2020\/10\/pepesellosq.png","contentUrl":"https:\/\/casaagricola.es\/wp-content\/uploads\/2020\/10\/pepesellosq.png","width":956,"height":898,"caption":"La despensa - Casa Agr\u00edcola - Pepe Mendoza"},"image":{"@id":"https:\/\/casaagricola.es\/#\/schema\/logo\/image\/"}}]}},"_links":{"self":[{"href":"https:\/\/casaagricola.es\/en\/wp-json\/wp\/v2\/product\/89931"}],"collection":[{"href":"https:\/\/casaagricola.es\/en\/wp-json\/wp\/v2\/product"}],"about":[{"href":"https:\/\/casaagricola.es\/en\/wp-json\/wp\/v2\/types\/product"}],"wp:featuredmedia":[{"embeddable":true,"href":"https:\/\/casaagricola.es\/en\/wp-json\/wp\/v2\/media\/90144"}],"wp:attachment":[{"href":"https:\/\/casaagricola.es\/en\/wp-json\/wp\/v2\/media?parent=89931"}],"wp:term":[{"taxonomy":"product_cat","embeddable":true,"href":"https:\/\/casaagricola.es\/en\/wp-json\/wp\/v2\/product_cat?post=89931"},{"taxonomy":"product_tag","embeddable":true,"href":"https:\/\/casaagricola.es\/en\/wp-json\/wp\/v2\/product_tag?post=89931"}],"curies":[{"name":"wp","href":"https:\/\/api.w.org\/{rel}","templated":true}]}}